{"id":9146,"date":"2023-05-29T05:44:29","date_gmt":"2023-05-29T10:44:29","guid":{"rendered":"https:\/\/keyword.com\/guides\/how-to-analyze-keyword-data\/"},"modified":"2024-11-26T12:34:18","modified_gmt":"2024-11-26T17:34:18","slug":"comment-analyser-les-donnees-de-mots-cles","status":"publish","type":"page","link":"https:\/\/keyword.com\/fr\/guides\/comment-analyser-les-donnees-de-mots-cles\/","title":{"rendered":"Comment analyser les donn\u00e9es de mots-cl\u00e9s"},"content":{"rendered":"\t\t<div data-elementor-type=\"wp-page\" data-elementor-id=\"9146\" class=\"elementor elementor-9146 elementor-5591\" data-elementor-post-type=\"page\">\n\t\t\t\t<div class=\"elementor-element elementor-element-c85992b elementor-repeater-item-ang_container_padding_3 e-flex e-con-boxed elementor-repeater-item-none elementor-repeater-item-none_hover e-con e-parent\" data-id=\"c85992b\" data-element_type=\"container\" data-e-type=\"container\" data-settings=\"{&quot;ang_container_spacing_size&quot;:&quot;ang_container_padding_3&quot;}\">\n\t\t\t\t\t<div class=\"e-con-inner\">\n\t\t\t\t<div class=\"elementor-element elementor-element-3f2b4e8 elementor-repeater-item-none elementor-repeater-item-none_hover elementor-widget elementor-widget-heading\" data-id=\"3f2b4e8\" data-element_type=\"widget\" data-e-type=\"widget\" data-widget_type=\"heading.default\">\n\t\t\t\t<div class=\"elementor-widget-container\">\n\t\t\t\t\t<h1 class=\"elementor-heading-title elementor-size-xl\">Comment analyser les donn\u00e9es de mots-cl\u00e9s et effectuer une analyse SERP\n<\/h1>\t\t\t\t<\/div>\n\t\t\t\t<\/div>\n\t\t\t\t\t<\/div>\n\t\t\t\t<\/div>\n\t\t<div class=\"elementor-element elementor-element-7d1b8bc e-flex e-con-boxed elementor-repeater-item-default_padding elementor-repeater-item-none elementor-repeater-item-none_hover e-con e-parent\" data-id=\"7d1b8bc\" data-element_type=\"container\" data-e-type=\"container\" data-settings=\"{&quot;ang_container_spacing_size&quot;:&quot;default_padding&quot;}\">\n\t\t\t\t\t<div class=\"e-con-inner\">\n\t\t\t\t<div class=\"elementor-element elementor-element-4bb7296 elementor-repeater-item-none elementor-repeater-item-none_hover elementor-widget elementor-widget-text-editor\" data-id=\"4bb7296\" data-element_type=\"widget\" data-e-type=\"widget\" data-widget_type=\"text-editor.default\">\n\t\t\t\t<div class=\"elementor-widget-container\">\n\t\t\t\t\t\t\t\t\t<p>Savez-vous comment analyser les donn\u00e9es de mots-cl\u00e9s ? Ou comment effectuer une analyse SERP pour savoir quels mots-cl\u00e9s cibler ? Ou quels mots-cl\u00e9s sont domin\u00e9s par de grands sites web qui rendent presque impossible le classement ? C&rsquo;est assez simple \u2014 vous analysez les donn\u00e9es de mots-cl\u00e9s.<\/p><p>Les donn\u00e9es de mots-cl\u00e9s sont l&rsquo;ensemble des m\u00e9triques que vous obtenez lorsque vous saisissez un mot-cl\u00e9 sp\u00e9cifique dans un outil SEO pour analyse. Ce guide abordera ces <a href=\"https:\/\/keyword.com\/guides\/understading-important-keyword-metrics\/\">m\u00e9triques de mots-cl\u00e9s<\/a> et comment analyser les mots-cl\u00e9s pour orienter votre strat\u00e9gie SEO.<\/p>\t\t\t\t\t\t\t\t<\/div>\n\t\t\t\t<\/div>\n\t\t\t\t\t<\/div>\n\t\t\t\t<\/div>\n\t\t<div class=\"elementor-element elementor-element-14f7f6c elementor-repeater-item-ang_container_padding_4 e-flex e-con-boxed elementor-repeater-item-none elementor-repeater-item-none_hover e-con e-parent\" data-id=\"14f7f6c\" data-element_type=\"container\" data-e-type=\"container\" data-settings=\"{&quot;ang_container_spacing_size&quot;:&quot;ang_container_padding_4&quot;}\">\n\t\t\t\t\t<div class=\"e-con-inner\">\n\t\t\t\t<div class=\"elementor-element elementor-element-41a2a2b elementor-repeater-item-none elementor-repeater-item-none_hover elementor-widget elementor-widget-text-editor\" data-id=\"41a2a2b\" data-element_type=\"widget\" data-e-type=\"widget\" data-widget_type=\"text-editor.default\">\n\t\t\t\t<div class=\"elementor-widget-container\">\n\t\t\t\t\t\t\t\t\t<h2>1. V\u00e9rifier le volume de recherche des mots-cl\u00e9s<\/h2><p>Le volume de recherche fait r\u00e9f\u00e9rence au nombre de fois qu&rsquo;un mot-cl\u00e9 ou une phrase particuli\u00e8re est recherch\u00e9(e) sur une p\u00e9riode donn\u00e9e, g\u00e9n\u00e9ralement chaque mois. Vous pouvez voir cela dans votre tableau de bord Keyword.com ou tout autre outil SEO.<\/p>\t\t\t\t\t\t\t\t<\/div>\n\t\t\t\t<\/div>\n\t\t\t\t<div class=\"elementor-element elementor-element-22a78bb external_elementor-repeater-item-none_external elementor-repeater-item-none elementor-repeater-item-none_hover elementor-widget elementor-widget-image\" data-id=\"22a78bb\" data-element_type=\"widget\" data-e-type=\"widget\" data-widget_type=\"image.default\">\n\t\t\t\t<div class=\"elementor-widget-container\">\n\t\t\t\t\t\t\t\t\t\t\t\t\t\t\t<img decoding=\"async\" src=\"https:\/\/keyword.com\/wp-content\/uploads\/how-to-analyze-keywords-search-volume.png\" title=\"how-to-analyze-keywords-search-volume\" alt=\"how-to-analyze-keywords-search-volume\" loading=\"lazy\" \/>\t\t\t\t\t\t\t\t\t\t\t\t\t\t\t<\/div>\n\t\t\t\t<\/div>\n\t\t\t\t<div class=\"elementor-element elementor-element-f64053b elementor-repeater-item-none elementor-repeater-item-none_hover elementor-widget elementor-widget-text-editor\" data-id=\"f64053b\" data-element_type=\"widget\" data-e-type=\"widget\" data-widget_type=\"text-editor.default\">\n\t\t\t\t<div class=\"elementor-widget-container\">\n\t\t\t\t\t\t\t\t\t<p>Le volume de recherche varie selon la localisation. Cela signifie qu&rsquo;un mot-cl\u00e9 peut avoir un volume \u00e9lev\u00e9 dans un endroit particulier et un volume plus faible ailleurs. Si vous \u00eates une entreprise sp\u00e9cifique \u00e0 une localisation, ces donn\u00e9es vous montrent ce que les gens autour de vous recherchent, afin que vous puissiez adapter votre strat\u00e9gie en cons\u00e9quence.<\/p>\t\t\t\t\t\t\t\t<\/div>\n\t\t\t\t<\/div>\n\t\t\t\t<div class=\"elementor-element elementor-element-976cd29 elementor-repeater-item-none elementor-repeater-item-none_hover elementor-widget elementor-widget-text-editor\" data-id=\"976cd29\" data-element_type=\"widget\" data-e-type=\"widget\" data-widget_type=\"text-editor.default\">\n\t\t\t\t<div class=\"elementor-widget-container\">\n\t\t\t\t\t\t\t\t\t<p>En utilisant les donn\u00e9es de volume de recherche, vous pouvez identifier les mots-cl\u00e9s \u00e0 fort volume. Bien que les mots-cl\u00e9s \u00e0 fort volume puissent avoir beaucoup de concurrence, ils pourraient apporter un trafic significatif \u00e0 votre site web si vous vous classez bien pour ceux-ci. \u00c0 l&rsquo;inverse, vous pouvez \u00e9galement identifier des mots-cl\u00e9s \u00e0 faible volume avec moins de concurrence et moins de potentiel de trafic.<\/p><p>Par exemple, si vous \u00eates une entreprise qui vend des chaussures en ligne, vous pourriez constater que le mot-cl\u00e9 \u00ab\u00a0chaussures de course\u00a0\u00bb a un volume de recherche beaucoup plus \u00e9lev\u00e9 que \u00ab\u00a0chaussures de trail\u00a0\u00bb. En ciblant \u00ab\u00a0chaussures de course\u00a0\u00bb, vous pourriez \u00eatre en mesure d&rsquo;attirer plus de trafic vers votre site web, mais vous ferez \u00e9galement face \u00e0 plus de concurrence de la part d&rsquo;autres entreprises ciblant le m\u00eame mot-cl\u00e9.<\/p>\t\t\t\t\t\t\t\t<\/div>\n\t\t\t\t<\/div>\n\t\t\t\t\t<\/div>\n\t\t\t\t<\/div>\n\t\t<div class=\"elementor-element elementor-element-ff85536 elementor-repeater-item-ang_container_padding_4 e-flex e-con-boxed elementor-repeater-item-none elementor-repeater-item-none_hover e-con e-parent\" data-id=\"ff85536\" data-element_type=\"container\" data-e-type=\"container\" data-settings=\"{&quot;ang_container_spacing_size&quot;:&quot;ang_container_padding_4&quot;}\">\n\t\t\t\t\t<div class=\"e-con-inner\">\n\t\t\t\t<div class=\"elementor-element elementor-element-d78d7c4 elementor-repeater-item-none elementor-repeater-item-none_hover elementor-widget elementor-widget-text-editor\" data-id=\"d78d7c4\" data-element_type=\"widget\" data-e-type=\"widget\" data-widget_type=\"text-editor.default\">\n\t\t\t\t<div class=\"elementor-widget-container\">\n\t\t\t\t\t\t\t\t\t<h2>2. D\u00e9terminer la difficult\u00e9 des mots-cl\u00e9s<\/h2><p>La difficult\u00e9 des mots-cl\u00e9s est une m\u00e9trique qui vous aide \u00e0 d\u00e9terminer \u00e0 quel point il est difficile de se classer pour un mot-cl\u00e9 sp\u00e9cifique. Elle prend en compte le nombre de sites web qui sont d\u00e9j\u00e0 class\u00e9s pour ce mot-cl\u00e9, ainsi que l&rsquo;autorit\u00e9 de ces sites. Sur Keyword.com, nous regroupons la difficult\u00e9 en trois cat\u00e9gories : Faible, moyenne et \u00e9lev\u00e9e.<\/p>\t\t\t\t\t\t\t\t<\/div>\n\t\t\t\t<\/div>\n\t\t\t\t<div class=\"elementor-element elementor-element-ac77630 external_elementor-repeater-item-none_external elementor-repeater-item-none elementor-repeater-item-none_hover elementor-widget elementor-widget-image\" data-id=\"ac77630\" data-element_type=\"widget\" data-e-type=\"widget\" data-widget_type=\"image.default\">\n\t\t\t\t<div class=\"elementor-widget-container\">\n\t\t\t\t\t\t\t\t\t\t\t\t\t\t\t<img decoding=\"async\" src=\"https:\/\/keyword.com\/wp-content\/uploads\/how-to-analyze-keywords-difficulty.png\" title=\"how-to-analyze-keywords-difficulty\" alt=\"how-to-analyze-keywords-difficulty\" loading=\"lazy\" \/>\t\t\t\t\t\t\t\t\t\t\t\t\t\t\t<\/div>\n\t\t\t\t<\/div>\n\t\t\t\t<div class=\"elementor-element elementor-element-d9a1034 elementor-repeater-item-none elementor-repeater-item-none_hover elementor-widget elementor-widget-text-editor\" data-id=\"d9a1034\" data-element_type=\"widget\" data-e-type=\"widget\" data-widget_type=\"text-editor.default\">\n\t\t\t\t<div class=\"elementor-widget-container\">\n\t\t\t\t\t\t\t\t\t<h2>2. D\u00e9terminer la difficult\u00e9 des mots-cl\u00e9s<\/h2><p>La difficult\u00e9 des mots-cl\u00e9s est une m\u00e9trique qui vous aide \u00e0 d\u00e9terminer \u00e0 quel point il est difficile de se classer pour un mot-cl\u00e9 sp\u00e9cifique. Elle prend en compte le nombre de sites web qui sont d\u00e9j\u00e0 class\u00e9s pour ce mot-cl\u00e9, ainsi que l&rsquo;autorit\u00e9 de ces sites. Sur Keyword.com, nous regroupons la difficult\u00e9 en trois cat\u00e9gories : Faible, moyenne et \u00e9lev\u00e9e.<\/p>\t\t\t\t\t\t\t\t<\/div>\n\t\t\t\t<\/div>\n\t\t\t\t\t<\/div>\n\t\t\t\t<\/div>\n\t\t<div class=\"elementor-element elementor-element-192f686 elementor-repeater-item-ang_container_padding_4 e-flex e-con-boxed elementor-repeater-item-none elementor-repeater-item-none_hover e-con e-parent\" data-id=\"192f686\" data-element_type=\"container\" data-e-type=\"container\" data-settings=\"{&quot;ang_container_spacing_size&quot;:&quot;ang_container_padding_4&quot;}\">\n\t\t\t\t\t<div class=\"e-con-inner\">\n\t\t\t\t<div class=\"elementor-element elementor-element-c5daef7 elementor-repeater-item-none elementor-repeater-item-none_hover elementor-widget elementor-widget-text-editor\" data-id=\"c5daef7\" data-element_type=\"widget\" data-e-type=\"widget\" data-widget_type=\"text-editor.default\">\n\t\t\t\t<div class=\"elementor-widget-container\">\n\t\t\t\t\t\t\t\t\t<h2>3. V\u00e9rifier le co\u00fbt par clic (CPC) des mots-cl\u00e9s<\/h2><p>Le co\u00fbt par clic (CPC) est le montant qu&rsquo;un annonceur paie pour chaque clic sur son annonce dans les r\u00e9sultats de recherche payants. Les donn\u00e9es de CPC sont utiles pour le SEO car elles peuvent vous donner une id\u00e9e de l&rsquo;intention commerciale derri\u00e8re un mot-cl\u00e9 particulier.<\/p><p>Par exemple, si un mot-cl\u00e9 a un CPC \u00e9lev\u00e9, cela peut indiquer que les personnes qui recherchent ce mot-cl\u00e9 sont plus susceptibles de chercher des produits ou des services \u00e0 acheter. Cette information pourrait \u00eatre pr\u00e9cieuse si vous essayez d&rsquo;optimiser votre site web pour les ventes e-commerce.<\/p><p>Cela aide \u00e9galement \u00e0 l&rsquo;attribution de vos performances SEO. Si vous vous classez en t\u00eate pour un mot-cl\u00e9 avec un co\u00fbt par clic \u00e9lev\u00e9 et que vous g\u00e9n\u00e9rez des conversions, vous \u00e9conomisez en fin de compte l&rsquo;argent que votre entreprise aurait autrement d\u00e9pens\u00e9 en publicit\u00e9s payantes.<\/p>\t\t\t\t\t\t\t\t<\/div>\n\t\t\t\t<\/div>\n\t\t\t\t\t<\/div>\n\t\t\t\t<\/div>\n\t\t<div class=\"elementor-element elementor-element-3c86afe elementor-repeater-item-ang_container_padding_4 e-flex e-con-boxed elementor-repeater-item-none elementor-repeater-item-none_hover e-con e-parent\" data-id=\"3c86afe\" data-element_type=\"container\" data-e-type=\"container\" data-settings=\"{&quot;ang_container_spacing_size&quot;:&quot;ang_container_padding_4&quot;}\">\n\t\t\t\t\t<div class=\"e-con-inner\">\n\t\t\t\t<div class=\"elementor-element elementor-element-638d5fe elementor-repeater-item-none elementor-repeater-item-none_hover elementor-widget elementor-widget-text-editor\" data-id=\"638d5fe\" data-element_type=\"widget\" data-e-type=\"widget\" data-widget_type=\"text-editor.default\">\n\t\t\t\t<div class=\"elementor-widget-container\">\n\t\t\t\t\t\t\t\t\t<h2>4. Mesurer la part de voix dans la recherche<\/h2><p><a href=\"https:\/\/keyword.com\/share-of-voice\/\">La part de voix<\/a> (Share of Voice ou SOV) est une m\u00e9trique qui mesure la visibilit\u00e9 de votre site web par rapport \u00e0 vos concurrents pour un ensemble particulier de mots-cl\u00e9s. Elle prend en compte le nombre de fois o\u00f9 votre site web appara\u00eet dans les r\u00e9sultats de recherche pour ces mots-cl\u00e9s, ainsi que la position de votre site dans ces r\u00e9sultats.<\/p>\t\t\t\t\t\t\t\t<\/div>\n\t\t\t\t<\/div>\n\t\t\t\t<div class=\"elementor-element elementor-element-0514704 external_elementor-repeater-item-none_external elementor-repeater-item-none elementor-repeater-item-none_hover elementor-widget elementor-widget-image\" data-id=\"0514704\" data-element_type=\"widget\" data-e-type=\"widget\" data-widget_type=\"image.default\">\n\t\t\t\t<div class=\"elementor-widget-container\">\n\t\t\t\t\t\t\t\t\t\t\t\t\t\t\t<img decoding=\"async\" src=\"https:\/\/keyword.com\/wp-content\/uploads\/how-to-analyze-keywords-share-of-search.png\" title=\"how-to-analyze-keywords-share-of-search\" alt=\"how-to-analyze-keywords-share-of-search\" loading=\"lazy\" \/>\t\t\t\t\t\t\t\t\t\t\t\t\t\t\t<\/div>\n\t\t\t\t<\/div>\n\t\t\t\t<div class=\"elementor-element elementor-element-dbdf488 elementor-repeater-item-none elementor-repeater-item-none_hover elementor-widget elementor-widget-text-editor\" data-id=\"dbdf488\" data-element_type=\"widget\" data-e-type=\"widget\" data-widget_type=\"text-editor.default\">\n\t\t\t\t<div class=\"elementor-widget-container\">\n\t\t\t\t\t\t\t\t\t<p>En utilisant les donn\u00e9es de part de voix (SOV), vous pouvez identifier les domaines o\u00f9 vous pourriez perdre en visibilit\u00e9 par rapport \u00e0 vos concurrents et travailler \u00e0 am\u00e9liorer vos classements pour ces mots-cl\u00e9s.<\/p><p>Par exemple, si vous \u00eates une entreprise qui vend des \u00e9quipements de fitness pour la maison, vous pourriez constater que votre part de voix est plus faible pour le mot-cl\u00e9 \u00ab\u00a0tapis de course\u00a0\u00bb par rapport \u00e0 vos concurrents. En analysant les r\u00e9sultats de recherche pour ce mot-cl\u00e9, vous pourriez d\u00e9couvrir que vos concurrents ont un meilleur contenu ou des sites web plus autoritaires. Arm\u00e9 de cette information, vous pouvez d\u00e9velopper une strat\u00e9gie pour am\u00e9liorer vos classements pour ce mot-cl\u00e9.<\/p>\t\t\t\t\t\t\t\t<\/div>\n\t\t\t\t<\/div>\n\t\t\t\t\t<\/div>\n\t\t\t\t<\/div>\n\t\t<div class=\"elementor-element elementor-element-c170d77 elementor-repeater-item-ang_container_padding_4 e-flex e-con-boxed elementor-repeater-item-none elementor-repeater-item-none_hover e-con e-parent\" data-id=\"c170d77\" data-element_type=\"container\" data-e-type=\"container\" data-settings=\"{&quot;ang_container_spacing_size&quot;:&quot;ang_container_padding_4&quot;}\">\n\t\t\t\t\t<div class=\"e-con-inner\">\n\t\t\t\t<div class=\"elementor-element elementor-element-fd039d2 elementor-repeater-item-none elementor-repeater-item-none_hover elementor-widget elementor-widget-text-editor\" data-id=\"fd039d2\" data-element_type=\"widget\" data-e-type=\"widget\" data-widget_type=\"text-editor.default\">\n\t\t\t\t<div class=\"elementor-widget-container\">\n\t\t\t\t\t\t\t\t\t<h2>5. D\u00e9terminer l&rsquo;intention de recherche<\/h2><p><a href=\"https:\/\/keyword.com\/seo-glossary\/understanding-search-intent-in-seo\/\">L&rsquo;intention de recherche<\/a> fait r\u00e9f\u00e9rence \u00e0 la raison derri\u00e8re la requ\u00eate d&rsquo;un utilisateur. <a href=\"https:\/\/keyword.com\/blog\/understanding-search-intent\/\">Comprendre l&rsquo;intention de recherche<\/a> est crucial pour le SEO car cela vous aide \u00e0 cr\u00e9er du contenu qui s&rsquo;aligne sur les besoins et les attentes de l&rsquo;utilisateur. Cette \u00e9tape n\u00e9cessite de faire une analyse SERP en examinant les types de pages et de r\u00e9sultats de recherche qui sont affich\u00e9s pour un mot-cl\u00e9 sp\u00e9cifique. Vous pouvez commencer par d\u00e9terminer l&rsquo;intention de recherche des pages qui apparaissent dans les SERP.<\/p><p>Il existe g\u00e9n\u00e9ralement quatre types d&rsquo;intention de recherche :<\/p><ul><li>Intention informationnelle : l&rsquo;utilisateur recherche des informations sur un sujet particulier.<\/li><li>Intention navigationnelle : l&rsquo;utilisateur essaie de trouver un site web ou une page sp\u00e9cifique.<\/li><li>Intention transactionnelle : l&rsquo;utilisateur cherche \u00e0 acheter un produit ou un service.<\/li><li>Intention d&rsquo;investigation commerciale : l&rsquo;utilisateur recherche des informations sur un produit ou un service avant de prendre une d\u00e9cision d&rsquo;achat.<\/li><\/ul><p><br \/>En utilisant les donn\u00e9es d&rsquo;intention de recherche, vous pouvez optimiser votre contenu pour mieux correspondre \u00e0 l&rsquo;intention de l&rsquo;utilisateur, ce qui conduit \u00e0 des taux de clics plus \u00e9lev\u00e9s, un temps pass\u00e9 plus long sur votre site et, finalement, de meilleurs classements.<\/p><p>Par exemple, si vous \u00eates une entreprise qui vend des compl\u00e9ments alimentaires, vous pourriez constater que le mot-cl\u00e9 \u00ab\u00a0meilleure poudre de prot\u00e9ines\u00a0\u00bb a un volume de recherche \u00e9lev\u00e9, mais l&rsquo;intention de recherche derri\u00e8re est principalement informationnelle. Cela signifie que les utilisateurs recherchent des informations sur les poudres de prot\u00e9ines plut\u00f4t que de chercher \u00e0 les acheter. Pour optimiser votre contenu pour ce mot-cl\u00e9, vous pourriez cr\u00e9er un article de blog qui fournit des informations pr\u00e9cieuses sur les poudres de prot\u00e9ines, telles que leurs diff\u00e9rents types, leurs avantages et comment les utiliser. Cela s&rsquo;aligne mieux sur l&rsquo;intention de l&rsquo;utilisateur, conduisant \u00e0 un engagement plus \u00e9lev\u00e9 et de meilleurs classements pour ce mot-cl\u00e9.<\/p>\t\t\t\t\t\t\t\t<\/div>\n\t\t\t\t<\/div>\n\t\t\t\t\t<\/div>\n\t\t\t\t<\/div>\n\t\t<div class=\"elementor-element elementor-element-154cfb6 e-flex e-con-boxed elementor-repeater-item-default_padding elementor-repeater-item-none elementor-repeater-item-none_hover e-con e-parent\" data-id=\"154cfb6\" data-element_type=\"container\" data-e-type=\"container\" data-settings=\"{&quot;ang_container_spacing_size&quot;:&quot;default_padding&quot;}\">\n\t\t\t\t\t<div class=\"e-con-inner\">\n\t\t\t\t<div class=\"elementor-element elementor-element-70135bd elementor-repeater-item-none elementor-repeater-item-none_hover elementor-widget elementor-widget-text-editor\" data-id=\"70135bd\" data-element_type=\"widget\" data-e-type=\"widget\" data-widget_type=\"text-editor.default\">\n\t\t\t\t<div class=\"elementor-widget-container\">\n\t\t\t\t\t\t\t\t\t<h2>Points cl\u00e9s de l&rsquo;analyse des donn\u00e9es de mots-cl\u00e9s<\/h2><ul><li>L&rsquo;analyse des donn\u00e9es de mots-cl\u00e9s montre \u00e0 quel point un mot-cl\u00e9 est pertinent et pr\u00e9cieux pour votre entreprise.<\/li><li>Analyser correctement les mots-cl\u00e9s et les SERP vous aide \u00e0 choisir les bonnes requ\u00eates de recherche \u00e0 prioriser dans votre strat\u00e9gie SEO.<\/li><li>Le volume de recherche, l&rsquo;intention de recherche et la difficult\u00e9 des mots-cl\u00e9s sont quelques-unes des m\u00e9triques auxquelles vous devriez pr\u00eater attention lors du choix des mots-cl\u00e9s.<\/li><\/ul><p><br \/>Lecture pertinente :<a href=\"https:\/\/keyword.com\/blog\/keyword-volume-vs-difficulty-vs-search-intent\/\"> Volume de recherche, difficult\u00e9 et intention<\/a> des mots-cl\u00e9s et <a href=\"https:\/\/keyword.com\/blog\/how-we-used-brain-power-and-data-to-craft-a-winning-seo-strategy\/\">Comment \u00e9laborer une strat\u00e9gie SEO gagnante<\/a><\/p>\t\t\t\t\t\t\t\t<\/div>\n\t\t\t\t<\/div>\n\t\t\t\t\t<\/div>\n\t\t\t\t<\/div>\n\t\t<div class=\"elementor-element elementor-element-edd25f7 e-flex e-con-boxed elementor-repeater-item-default_padding elementor-repeater-item-none elementor-repeater-item-none_hover e-con e-parent\" data-id=\"edd25f7\" data-element_type=\"container\" data-e-type=\"container\" data-settings=\"{&quot;ang_container_spacing_size&quot;:&quot;default_padding&quot;}\">\n\t\t\t\t\t<div class=\"e-con-inner\">\n\t\t\t\t<div class=\"elementor-element elementor-element-b9faf18 elementor-repeater-item-none elementor-repeater-item-none_hover elementor-widget elementor-widget-spacer\" data-id=\"b9faf18\" data-element_type=\"widget\" data-e-type=\"widget\" data-widget_type=\"spacer.default\">\n\t\t\t\t<div class=\"elementor-widget-container\">\n\t\t\t\t\t\t\t<div class=\"elementor-spacer\">\n\t\t\t<div class=\"elementor-spacer-inner\"><\/div>\n\t\t<\/div>\n\t\t\t\t\t\t<\/div>\n\t\t\t\t<\/div>\n\t\t\t\t\t<\/div>\n\t\t\t\t<\/div>\n\t\t<div class=\"elementor-element elementor-element-38f7c05 e-flex e-con-boxed elementor-repeater-item-default_padding elementor-repeater-item-none elementor-repeater-item-none_hover e-con e-parent\" data-id=\"38f7c05\" data-element_type=\"container\" data-e-type=\"container\" data-settings=\"{&quot;ang_container_spacing_size&quot;:&quot;default_padding&quot;}\">\n\t\t\t\t\t<div class=\"e-con-inner\">\n\t\t<div class=\"elementor-element elementor-element-a6cb616 e-flex e-con-boxed elementor-repeater-item-default_padding elementor-repeater-item-none elementor-repeater-item-none_hover e-con e-child\" data-id=\"a6cb616\" data-element_type=\"container\" data-e-type=\"container\" data-settings=\"{&quot;ang_container_spacing_size&quot;:&quot;default_padding&quot;}\">\n\t\t\t\t\t<div class=\"e-con-inner\">\n\t\t<div class=\"elementor-element elementor-element-4c80888 e-con-full e-flex elementor-repeater-item-default_padding elementor-repeater-item-none elementor-repeater-item-none_hover e-con e-child\" data-id=\"4c80888\" data-element_type=\"container\" data-e-type=\"container\" data-settings=\"{&quot;ang_container_spacing_size&quot;:&quot;default_padding&quot;}\">\n\t\t\t\t<div class=\"elementor-element elementor-element-c04f0c5 elementor-alert-info elementor-repeater-item-none elementor-repeater-item-none_hover elementor-widget elementor-widget-alert\" data-id=\"c04f0c5\" data-element_type=\"widget\" data-e-type=\"widget\" data-widget_type=\"alert.default\">\n\t\t\t\t<div class=\"elementor-widget-container\">\n\t\t\t\t\t\t\t<div class=\"elementor-alert\" role=\"alert\">\n\n\t\t\t\t\t\t<span class=\"elementor-alert-title\">Chapitre pr\u00e9c\u00e9dent<\/span>\n\t\t\t\n\t\t\t\t\t\t<span class=\"elementor-alert-description\"><a href=\"https:\/\/keyword.com\/guides\/how-to-set-up-keyword-tracking\/\">Comment configurer le suivi des mots-cl\u00e9s<\/a><\/span>\n\t\t\t\n\t\t\t\n\t\t<\/div>\n\t\t\t\t\t\t<\/div>\n\t\t\t\t<\/div>\n\t\t\t\t<\/div>\n\t\t<div class=\"elementor-element elementor-element-637f35d e-con-full e-flex elementor-repeater-item-default_padding elementor-repeater-item-none elementor-repeater-item-none_hover e-con e-child\" data-id=\"637f35d\" data-element_type=\"container\" data-e-type=\"container\" data-settings=\"{&quot;ang_container_spacing_size&quot;:&quot;default_padding&quot;}\">\n\t\t\t\t<div class=\"elementor-element elementor-element-622d2b8 elementor-alert-info elementor-repeater-item-none elementor-repeater-item-none_hover elementor-widget elementor-widget-alert\" data-id=\"622d2b8\" data-element_type=\"widget\" data-e-type=\"widget\" data-widget_type=\"alert.default\">\n\t\t\t\t<div class=\"elementor-widget-container\">\n\t\t\t\t\t\t\t<div class=\"elementor-alert\" role=\"alert\">\n\n\t\t\t\t\t\t<span class=\"elementor-alert-title\">Prochain chapitre<\/span>\n\t\t\t\n\t\t\t\t\t\t<span class=\"elementor-alert-description\"><a href=\"https:\/\/keyword.com\/guides\/understading-important-keyword-metrics\/\">5 astuces pour interpr\u00e9ter les m\u00e9triques de mots-cl\u00e9s<\/a><\/span>\n\t\t\t\n\t\t\t\n\t\t<\/div>\n\t\t\t\t\t\t<\/div>\n\t\t\t\t<\/div>\n\t\t\t\t<\/div>\n\t\t\t\t\t<\/div>\n\t\t\t\t<\/div>\n\t\t\t\t\t<\/div>\n\t\t\t\t<\/div>\n\t\t\t\t<\/div>\n\t\t","protected":false},"excerpt":{"rendered":"<p>Comment analyser les donn\u00e9es de mots-cl\u00e9s et effectuer une analyse SERP Savez-vous comment analyser les donn\u00e9es de mots-cl\u00e9s ? Ou comment effectuer une analyse SERP pour savoir quels mots-cl\u00e9s cibler ? Ou quels mots-cl\u00e9s sont domin\u00e9s par de grands sites web qui rendent presque impossible le classement ? C&rsquo;est assez simple \u2014 vous analysez les [&hellip;]<\/p>\n","protected":false},"author":13,"featured_media":0,"parent":9137,"menu_order":0,"comment_status":"closed","ping_status":"closed","template":"elementor_header_footer","meta":{"footnotes":""},"class_list":["post-9146","page","type-page","status-publish","hentry"],"_links":{"self":[{"href":"https:\/\/keyword.com\/fr\/wp-json\/wp\/v2\/pages\/9146","targetHints":{"allow":["GET"]}}],"collection":[{"href":"https:\/\/keyword.com\/fr\/wp-json\/wp\/v2\/pages"}],"about":[{"href":"https:\/\/keyword.com\/fr\/wp-json\/wp\/v2\/types\/page"}],"author":[{"embeddable":true,"href":"https:\/\/keyword.com\/fr\/wp-json\/wp\/v2\/users\/13"}],"replies":[{"embeddable":true,"href":"https:\/\/keyword.com\/fr\/wp-json\/wp\/v2\/comments?post=9146"}],"version-history":[{"count":0,"href":"https:\/\/keyword.com\/fr\/wp-json\/wp\/v2\/pages\/9146\/revisions"}],"up":[{"embeddable":true,"href":"https:\/\/keyword.com\/fr\/wp-json\/wp\/v2\/pages\/9137"}],"wp:attachment":[{"href":"https:\/\/keyword.com\/fr\/wp-json\/wp\/v2\/media?parent=9146"}],"curies":[{"name":"wp","href":"https:\/\/api.w.org\/{rel}","templated":true}]}}