{"id":9177,"date":"2023-05-29T04:44:11","date_gmt":"2023-05-29T09:44:11","guid":{"rendered":"https:\/\/keyword.com\/guides\/advanced-keyword-tracking\/"},"modified":"2025-04-30T11:49:59","modified_gmt":"2025-04-30T16:49:59","slug":"suivi-avance-des-mots-cles","status":"publish","type":"page","link":"https:\/\/keyword.com\/fr\/guides\/suivi-avance-des-mots-cles\/","title":{"rendered":"Comment affiner vos efforts de suivi des mots-cl\u00e9s"},"content":{"rendered":"\t\t<div data-elementor-type=\"wp-page\" data-elementor-id=\"9177\" class=\"elementor elementor-9177 elementor-5587\" data-elementor-post-type=\"page\">\n\t\t\t\t<div class=\"elementor-element elementor-element-f211587 elementor-repeater-item-ang_container_padding_3 e-flex e-con-boxed elementor-repeater-item-none elementor-repeater-item-none_hover e-con e-parent\" data-id=\"f211587\" data-element_type=\"container\" data-e-type=\"container\" data-settings=\"{&quot;ang_container_spacing_size&quot;:&quot;ang_container_padding_3&quot;}\">\n\t\t\t\t\t<div class=\"e-con-inner\">\n\t\t\t\t<div class=\"elementor-element elementor-element-dd71d06 elementor-repeater-item-none elementor-repeater-item-none_hover elementor-widget elementor-widget-heading\" data-id=\"dd71d06\" data-element_type=\"widget\" data-e-type=\"widget\" data-widget_type=\"heading.default\">\n\t\t\t\t<div class=\"elementor-widget-container\">\n\t\t\t\t\t<h1 class=\"elementor-heading-title elementor-size-xl\">Comment affiner vos efforts de suivi des mots-cl\u00e9s<\/h1>\t\t\t\t<\/div>\n\t\t\t\t<\/div>\n\t\t\t\t\t<\/div>\n\t\t\t\t<\/div>\n\t\t<div class=\"elementor-element elementor-element-98b6ae0 e-flex e-con-boxed elementor-repeater-item-default_padding elementor-repeater-item-none elementor-repeater-item-none_hover e-con e-parent\" data-id=\"98b6ae0\" data-element_type=\"container\" data-e-type=\"container\" data-settings=\"{&quot;ang_container_spacing_size&quot;:&quot;default_padding&quot;}\">\n\t\t\t\t\t<div class=\"e-con-inner\">\n\t\t\t\t<div class=\"elementor-element elementor-element-63af5e8 elementor-repeater-item-none elementor-repeater-item-none_hover elementor-widget elementor-widget-text-editor\" data-id=\"63af5e8\" data-element_type=\"widget\" data-e-type=\"widget\" data-widget_type=\"text-editor.default\">\n\t\t\t\t<div class=\"elementor-widget-container\">\n\t\t\t\t\t\t\t\t\t<p>Le suivi des mots-cl\u00e9s n&rsquo;est pas un processus ponctuel. Les SERP sont en constante \u00e9volution, vous devez donc ajuster et affiner continuellement votre strat\u00e9gie de suivi des mots-cl\u00e9s pour rester en avance sur la concurrence. Voici cinq fa\u00e7ons de le faire :<\/p>\t\t\t\t\t\t\t\t<\/div>\n\t\t\t\t<\/div>\n\t\t\t\t\t<\/div>\n\t\t\t\t<\/div>\n\t\t<div class=\"elementor-element elementor-element-ebf593b elementor-repeater-item-ang_container_padding_4 e-flex e-con-boxed elementor-repeater-item-none elementor-repeater-item-none_hover e-con e-parent\" data-id=\"ebf593b\" data-element_type=\"container\" data-e-type=\"container\" data-settings=\"{&quot;ang_container_spacing_size&quot;:&quot;ang_container_padding_4&quot;}\">\n\t\t\t\t\t<div class=\"e-con-inner\">\n\t\t\t\t<div class=\"elementor-element elementor-element-b85cb6c elementor-repeater-item-none elementor-repeater-item-none_hover elementor-widget elementor-widget-text-editor\" data-id=\"b85cb6c\" data-element_type=\"widget\" data-e-type=\"widget\" data-widget_type=\"text-editor.default\">\n\t\t\t\t<div class=\"elementor-widget-container\">\n\t\t\t\t\t\t\t\t\t<h2>1. Analysez vos performance SEO<\/h2><p>Utilisez des outils SEO pour suivre le classement de vos mots-cl\u00e9s et identifier toute fluctuation ou changement dans les SERP. Dans Keyword.com, par exemple, vous pouvez voir les changements de position au fil du temps pour des mots-cl\u00e9s sp\u00e9cifiques, ainsi que les donn\u00e9es de Part de Voix (SoV).<\/p><p>Supposons que vous remarquiez qu&rsquo;un mot-cl\u00e9 sp\u00e9cifique perd constamment du classement dans les r\u00e9sultats de recherche. Dans ce cas, vous pouvez optimiser un contenu contenant ce mot-cl\u00e9 pour am\u00e9liorer ses chances de se classer plus haut pour les requ\u00eates de recherche pertinentes. Vous pouvez \u00e9galement le supprimer et le rediriger compl\u00e8tement si vous trouvez qu&rsquo;il n&rsquo;est plus pertinent pour votre public cible ou votre secteur.<\/p><p>Google Analytics et Search Console sont \u00e9galement d&rsquo;excellents outils pour analyser vos performances SEO. Google Analytics, par exemple, vous permet de conna\u00eetre les pages principales qui g\u00e9n\u00e8rent du trafic organique vers votre site web et vice versa. Vous pouvez analyser plus en d\u00e9tail les pages peu performantes pour savoir ce qui ne va pas et comment les am\u00e9liorer.<\/p><p>Search Console, quant \u00e0 lui, vous montre la position moyenne des mots-cl\u00e9s de votre site web dans les SERP. Vous pouvez filtrer les donn\u00e9es pour afficher la position moyenne des mots-cl\u00e9s d&rsquo;une page sp\u00e9cifique &#8211; comme un article ou une page de destination &#8211; sur votre site web.<\/p><p>Sur la base de ces informations, vous pouvez \u00e9liminer les mots-cl\u00e9s peu performants ou non pertinents pour concentrer vos efforts sur ceux ayant un potentiel plus \u00e9lev\u00e9.<\/p><h2>2. Mettez \u00e0 jour votre s\u00e9lection de mots-cl\u00e9s<\/h2><p>Examinez et mettez r\u00e9guli\u00e8rement \u00e0 jour votre liste de mots-cl\u00e9s pour vous assurer qu&rsquo;elle correspond \u00e0 l&rsquo;intention de recherche de votre public cible.<\/p><p>Utilisez des outils de recherche de mots-cl\u00e9s pour analyser les tendances de recherche et identifier de nouveaux mots-cl\u00e9s pertinents. Par exemple, vous pouvez <a href=\"https:\/\/support.google.com\/websearch\/answer\/4815696?hl=en\" target=\"_blank\" rel=\"noopener\">configurer des alertes Google<\/a> pour votre secteur :<\/p><ul><li>Allez sur\u00a0<a class=\"hover:underline\" href=\"https:\/\/www.google.com\/alerts\" target=\"_blank\" rel=\"noopener\">https:\/\/www.google.com\/alerts<\/a><\/li><li>Entrez le sujet pour lequel vous voulez cr\u00e9er une alerte.<\/li><li>Entrez votre adresse e-mail.<\/li><li>Entrez \u00e9galement les sp\u00e9cifications de votre alerte, comme la langue, la g\u00e9olocalisation et la fr\u00e9quence \u00e0 laquelle vous souhaitez recevoir l&rsquo;alerte.<\/li><\/ul><p>Vous pouvez \u00e9galement utiliser <a href=\"https:\/\/keyword.com\/\">Keyword.com<\/a> pour obtenir des <a href=\"https:\/\/keyword.com\/keyword-suggestions\/\">suggestions de mots-cl\u00e9s<\/a> en temps r\u00e9el. C&rsquo;est assez simple :<\/p><ul><li>Allez sur votre tableau de bord de suivi des mots-cl\u00e9s et cliquez sur \u00ab\u00a0Add Keywords\u00a0\u00bb.<\/li><li>Entrez un sujet. Keyword.com vous montrera automatiquement des mots-cl\u00e9s connexes que vous pouvez ajouter \u00e0 votre liste de suivi.<\/li><li>Entrez vos param\u00e8tres de donn\u00e9es pour terminer la configuration.<\/li><\/ul>\t\t\t\t\t\t\t\t<\/div>\n\t\t\t\t<\/div>\n\t\t\t\t\t<\/div>\n\t\t\t\t<\/div>\n\t\t<div class=\"elementor-element elementor-element-8deb1d8 elementor-repeater-item-ang_container_padding_4 e-flex e-con-boxed elementor-repeater-item-none elementor-repeater-item-none_hover e-con e-parent\" data-id=\"8deb1d8\" data-element_type=\"container\" data-e-type=\"container\" data-settings=\"{&quot;ang_container_spacing_size&quot;:&quot;ang_container_padding_4&quot;}\">\n\t\t\t\t\t<div class=\"e-con-inner\">\n\t\t\t\t<div class=\"elementor-element elementor-element-a90399c elementor-repeater-item-none elementor-repeater-item-none_hover elementor-widget elementor-widget-text-editor\" data-id=\"a90399c\" data-element_type=\"widget\" data-e-type=\"widget\" data-widget_type=\"text-editor.default\">\n\t\t\t\t<div class=\"elementor-widget-container\">\n\t\t\t\t\t\t\t\t\t<h2>3. Affinez le ciblage des mots-cl\u00e9s<\/h2><p>Affinez votre ciblage de mots-cl\u00e9s en utilisant des mots-cl\u00e9s \u00e0 longue tra\u00eene au lieu de vous obs\u00e9dez sur des mots-cl\u00e9s \u00e0 courte tra\u00eene avec une forte concurrence.<\/p><p>Les mots-cl\u00e9s \u00e0 longue tra\u00eene ont g\u00e9n\u00e9ralement un volume de recherche plus faible mais des taux de conversion plus \u00e9lev\u00e9s car ils sont sp\u00e9cifiques. Par exemple, une personne qui cherche \u00ab\u00a0Quel outil SEO devrais-je utiliser pour ma petite entreprise ?\u00a0\u00bb est plus proche de faire un achat qu&rsquo;un autre utilisateur recherchant \u00ab\u00a0avantages du SEO\u00a0\u00bb.<\/p><p>Vous pouvez trouver des id\u00e9es de mots-cl\u00e9s \u00e0 longue tra\u00eene dans la section \u00ab\u00a0Les gens demandent aussi\u00a0\u00bb de Google et gr\u00e2ce aux suggestions de mots-cl\u00e9s dans des outils SEO tiers comme Seobility et Keyword.com. Seobility, par exemple, vous permet de filtrer les r\u00e9sultats de recherche de mots-cl\u00e9s pour les termes et recherches connexes, l&rsquo;autocompl\u00e9tion et les mots-cl\u00e9s similaires.<\/p><h2>4. Analysez les mots-cl\u00e9s des concurrents<\/h2><p>Observer les mots-cl\u00e9s pour lesquels vos concurrents se classent peut \u00eatre un excellent moyen d&rsquo;affiner votre strat\u00e9gie de ciblage de mots-cl\u00e9s. Surveillez vos concurrents et analysez les mots-cl\u00e9s qu&rsquo;ils ciblent. Identifiez les lacunes ou les opportunit\u00e9s o\u00f9 vous pouvez am\u00e9liorer votre strat\u00e9gie de mots-cl\u00e9s. Recherchez les mots-cl\u00e9s performants que vous auriez pu manquer et envisagez de les int\u00e9grer dans votre contenu s&rsquo;ils sont pertinents pour vos objectifs et votre public cible.<\/p>\t\t\t\t\t\t\t\t<\/div>\n\t\t\t\t<\/div>\n\t\t\t\t\t<\/div>\n\t\t\t\t<\/div>\n\t\t<div class=\"elementor-element elementor-element-b94d6ef elementor-repeater-item-ang_container_padding_4 e-flex e-con-boxed elementor-repeater-item-none elementor-repeater-item-none_hover e-con e-parent\" data-id=\"b94d6ef\" data-element_type=\"container\" data-e-type=\"container\" data-settings=\"{&quot;ang_container_spacing_size&quot;:&quot;ang_container_padding_4&quot;}\">\n\t\t\t\t\t<div class=\"e-con-inner\">\n\t\t\t\t<div class=\"elementor-element elementor-element-61a7879 elementor-repeater-item-none elementor-repeater-item-none_hover elementor-widget elementor-widget-text-editor\" data-id=\"61a7879\" data-element_type=\"widget\" data-e-type=\"widget\" data-widget_type=\"text-editor.default\">\n\t\t\t\t<div class=\"elementor-widget-container\">\n\t\t\t\t\t\t\t\t\t<h2>5. Surveillez et adaptez-vous aux mises \u00e0 jour des algorithmes des moteurs de recherche<\/h2><p>Les moteurs de recherche mettent fr\u00e9quemment \u00e0 jour leurs algorithmes, ce qui peut avoir un impact sur le classement des mots-cl\u00e9s. Par exemple, Google a r\u00e9cemment retir\u00e9 certains de ses param\u00e8tres de classement h\u00e9rit\u00e9s, provoquant un certain degr\u00e9 de perturbations dans les SERP.<\/p><p>Voici quelques signes de baisses de classement li\u00e9es aux algorithmes :<\/p><ul><li>Vous perdez soudainement des positions pour un mot-cl\u00e9 tr\u00e8s performant.<\/li><li>D&rsquo;autres sites web dans votre niche ont connu des baisses similaires.<\/li><li>Les experts en SEO parlent de volatilit\u00e9 des SERP.<\/li><\/ul><p><br \/>Si vos classements chutent en raison de mises \u00e0 jour d&rsquo;algorithmes, \u00e9valuez d&rsquo;abord les changements et attendez une semaine ou deux pour voir si les changements s&rsquo;\u00e9quilibrent. S&rsquo;il n&rsquo;y a pas d&rsquo;am\u00e9lioration, envisagez de mettre \u00e0 jour votre contenu et votre strat\u00e9gie de mots-cl\u00e9s pour vous aligner sur les nouvelles exigences.<\/p><h2>Affiner votre strat\u00e9gie de ciblage de mots-cl\u00e9s &#8211; Points cl\u00e9s \u00e0 retenir<\/h2><ul><li>Keyword tracking is an ongoing process. Continuously monitor and refine your keyword strategy to ensure your website stays visible and relevant in search engine results.<\/li><li>Use SEO tools to find new keywords you can track.<\/li><li>Sign up for industry newsletters to get first-hand information on algorithm updates.<\/li><\/ul>\t\t\t\t\t\t\t\t<\/div>\n\t\t\t\t<\/div>\n\t\t\t\t\t<\/div>\n\t\t\t\t<\/div>\n\t\t<div class=\"elementor-element elementor-element-d22116d e-flex e-con-boxed elementor-repeater-item-default_padding elementor-repeater-item-none elementor-repeater-item-none_hover e-con e-parent\" data-id=\"d22116d\" data-element_type=\"container\" data-e-type=\"container\" data-settings=\"{&quot;ang_container_spacing_size&quot;:&quot;default_padding&quot;}\">\n\t\t\t\t\t<div class=\"e-con-inner\">\n\t\t\t\t<div class=\"elementor-element elementor-element-dd42b02 elementor-repeater-item-none elementor-repeater-item-none_hover elementor-widget elementor-widget-spacer\" data-id=\"dd42b02\" data-element_type=\"widget\" data-e-type=\"widget\" data-widget_type=\"spacer.default\">\n\t\t\t\t<div class=\"elementor-widget-container\">\n\t\t\t\t\t\t\t<div class=\"elementor-spacer\">\n\t\t\t<div class=\"elementor-spacer-inner\"><\/div>\n\t\t<\/div>\n\t\t\t\t\t\t<\/div>\n\t\t\t\t<\/div>\n\t\t\t\t<div class=\"elementor-element elementor-element-d801c19 elementor-repeater-item-none elementor-repeater-item-none_hover elementor-widget elementor-widget-spacer\" data-id=\"d801c19\" data-element_type=\"widget\" data-e-type=\"widget\" data-widget_type=\"spacer.default\">\n\t\t\t\t<div class=\"elementor-widget-container\">\n\t\t\t\t\t\t\t<div class=\"elementor-spacer\">\n\t\t\t<div class=\"elementor-spacer-inner\"><\/div>\n\t\t<\/div>\n\t\t\t\t\t\t<\/div>\n\t\t\t\t<\/div>\n\t\t\t\t\t<\/div>\n\t\t\t\t<\/div>\n\t\t<div class=\"elementor-element elementor-element-3ef74a1 e-flex e-con-boxed elementor-repeater-item-default_padding elementor-repeater-item-none elementor-repeater-item-none_hover e-con e-parent\" data-id=\"3ef74a1\" data-element_type=\"container\" data-e-type=\"container\" data-settings=\"{&quot;ang_container_spacing_size&quot;:&quot;default_padding&quot;}\">\n\t\t\t\t\t<div class=\"e-con-inner\">\n\t\t<div class=\"elementor-element elementor-element-01bf9da e-flex e-con-boxed elementor-repeater-item-default_padding elementor-repeater-item-none elementor-repeater-item-none_hover e-con e-child\" data-id=\"01bf9da\" data-element_type=\"container\" data-e-type=\"container\" data-settings=\"{&quot;ang_container_spacing_size&quot;:&quot;default_padding&quot;}\">\n\t\t\t\t\t<div class=\"e-con-inner\">\n\t\t<div class=\"elementor-element elementor-element-080dcfc e-con-full e-flex elementor-repeater-item-default_padding elementor-repeater-item-none elementor-repeater-item-none_hover e-con e-child\" data-id=\"080dcfc\" data-element_type=\"container\" data-e-type=\"container\" data-settings=\"{&quot;ang_container_spacing_size&quot;:&quot;default_padding&quot;}\">\n\t\t\t\t<div class=\"elementor-element elementor-element-5393d8b elementor-alert-info elementor-repeater-item-none elementor-repeater-item-none_hover elementor-widget elementor-widget-alert\" data-id=\"5393d8b\" data-element_type=\"widget\" data-e-type=\"widget\" data-widget_type=\"alert.default\">\n\t\t\t\t<div class=\"elementor-widget-container\">\n\t\t\t\t\t\t\t<div class=\"elementor-alert\" role=\"alert\">\n\n\t\t\t\t\t\t<span class=\"elementor-alert-title\">Chapitre pr\u00e9c\u00e9dent<\/span>\n\t\t\t\n\t\t\t\t\t\t<span class=\"elementor-alert-description\"><a href=\"https:\/\/keyword.com\/guides\/best-practices-for-monitoring-keywords\/\">Meilleures pratiques pour le suivi continue des mots-cl\u00e9s<\/a><\/span>\n\t\t\t\n\t\t\t\n\t\t<\/div>\n\t\t\t\t\t\t<\/div>\n\t\t\t\t<\/div>\n\t\t\t\t<\/div>\n\t\t<div class=\"elementor-element elementor-element-4be5042 e-con-full e-flex elementor-repeater-item-default_padding elementor-repeater-item-none elementor-repeater-item-none_hover e-con e-child\" data-id=\"4be5042\" data-element_type=\"container\" data-e-type=\"container\" data-settings=\"{&quot;ang_container_spacing_size&quot;:&quot;default_padding&quot;}\">\n\t\t\t\t<div class=\"elementor-element elementor-element-e35e6ff elementor-alert-info elementor-repeater-item-none elementor-repeater-item-none_hover elementor-widget elementor-widget-alert\" data-id=\"e35e6ff\" data-element_type=\"widget\" data-e-type=\"widget\" data-widget_type=\"alert.default\">\n\t\t\t\t<div class=\"elementor-widget-container\">\n\t\t\t\t\t\t\t<div class=\"elementor-alert\" role=\"alert\">\n\n\t\t\t\t\t\t<span class=\"elementor-alert-title\">Prochain chapitre<\/span>\n\t\t\t\n\t\t\t\t\t\t<span class=\"elementor-alert-description\"><a href=\"https:\/\/keyword.com\/guides\/how-to-stay-up-to-date-with-keyword-trends\/\">Comment rester \u00e0 jour avec les tendances des mots-cl\u00e9s<\/a><\/span>\n\t\t\t\n\t\t\t\n\t\t<\/div>\n\t\t\t\t\t\t<\/div>\n\t\t\t\t<\/div>\n\t\t\t\t<\/div>\n\t\t\t\t\t<\/div>\n\t\t\t\t<\/div>\n\t\t\t\t\t<\/div>\n\t\t\t\t<\/div>\n\t\t\t\t<\/div>\n\t\t","protected":false},"excerpt":{"rendered":"<p>Comment affiner vos efforts de suivi des mots-cl\u00e9s Le suivi des mots-cl\u00e9s n&rsquo;est pas un processus ponctuel. Les SERP sont en constante \u00e9volution, vous devez donc ajuster et affiner continuellement votre strat\u00e9gie de suivi des mots-cl\u00e9s pour rester en avance sur la concurrence. Voici cinq fa\u00e7ons de le faire : 1. Analysez vos performance SEO [&hellip;]<\/p>\n","protected":false},"author":13,"featured_media":0,"parent":9137,"menu_order":0,"comment_status":"closed","ping_status":"closed","template":"elementor_header_footer","meta":{"footnotes":""},"class_list":["post-9177","page","type-page","status-publish","hentry"],"_links":{"self":[{"href":"https:\/\/keyword.com\/fr\/wp-json\/wp\/v2\/pages\/9177","targetHints":{"allow":["GET"]}}],"collection":[{"href":"https:\/\/keyword.com\/fr\/wp-json\/wp\/v2\/pages"}],"about":[{"href":"https:\/\/keyword.com\/fr\/wp-json\/wp\/v2\/types\/page"}],"author":[{"embeddable":true,"href":"https:\/\/keyword.com\/fr\/wp-json\/wp\/v2\/users\/13"}],"replies":[{"embeddable":true,"href":"https:\/\/keyword.com\/fr\/wp-json\/wp\/v2\/comments?post=9177"}],"version-history":[{"count":0,"href":"https:\/\/keyword.com\/fr\/wp-json\/wp\/v2\/pages\/9177\/revisions"}],"up":[{"embeddable":true,"href":"https:\/\/keyword.com\/fr\/wp-json\/wp\/v2\/pages\/9137"}],"wp:attachment":[{"href":"https:\/\/keyword.com\/fr\/wp-json\/wp\/v2\/media?parent=9177"}],"curies":[{"name":"wp","href":"https:\/\/api.w.org\/{rel}","templated":true}]}}